{"id":2884,"date":"2016-08-31T00:40:55","date_gmt":"2016-08-31T00:40:55","guid":{"rendered":"http:\/\/revhoteles.com\/areias-brancas\/?page_id=2884"},"modified":"2017-11-06T23:13:31","modified_gmt":"2017-11-06T23:13:31","slug":"buzios","status":"publish","type":"page","link":"https:\/\/areiasbrancaspousada.com.br\/es\/buzios\/","title":{"rendered":"B\u00fazios"},"content":{"rendered":"<div id=\"pl-2884\"  class=\"panel-layout\" ><div id=\"pg-2884-0\"  class=\"panel-grid panel-no-style\" ><div id=\"pgc-2884-0-0\"  class=\"panel-grid-cell\" ><div id=\"panel-2884-0-0-0\" class=\"so-panel widget widget_icon-box panel-first-child panel-last-child\" data-index=\"0\" ><div class=\"panel-widget-style panel-widget-style-for-2884-0-0-0\" ><div class=\"thim-widget-icon-box thim-widget-icon-box-base\"><div class=\"wrapper-box-icon text-center   wrapper-line-heading\" ><div class=\"smicon-box iconbox-top\"><div class=\"content-inner\" ><div class=\"sc-heading article_heading\"><h3 class = \"heading__primary\" >El mejor destino de playa del mundo<\/h3><span class=\"line-heading\"><span><\/span><\/span><\/div><div class=\"desc-icon-box\"><div ><p>En 2012 B\u00fazios fue elegida como el \"Mejor destino de sol y playa del mundo\" por Euroal 2012, quedando por delante de Canc\u00f9n, en M\u00e8xico, e Ibiza, en Espa\u00f1a. La Euroal es organizadora de un importante feria Internacional de Turismo, arte y cultura.<\/p>\n<p><b><i>\"Basta dar una mirada al mapa de B\u00fazios para constatar que aqu\u00ed hasta la geograf\u00eda conspira contra el aburrimiento. No hay se\u00f1al alguna de monoton\u00eda en el dibujo de su costa, toda recortada, repleta de playas con personalidad propia.\"<\/i><\/b><\/p><\/div><\/div><\/div><\/div><!--end smicon-box--><\/div><\/div><\/div><\/div><\/div><\/div><div id=\"pg-2884-1\"  class=\"panel-grid panel-has-style\" ><div class=\"thim-bg-overlay siteorigin-panels-stretch article__parallax panel-row-style panel-row-style-for-2884-1\" data-stretch-type=\"full\" ><div id=\"pgc-2884-1-0\"  class=\"panel-grid-cell\" ><div id=\"panel-2884-1-0-0\" class=\"so-panel widget widget_siteorigin-panels-builder panel-first-child panel-last-child\" data-index=\"1\" ><div id=\"pl-w5a00ec9b94913\"  class=\"panel-layout\" ><div id=\"pg-w5a00ec9b94913-0\"  class=\"panel-grid panel-has-style\" ><div class=\"panel-row-style panel-row-style-for-w5a00ec9b94913-0\" ><div id=\"pgc-w5a00ec9b94913-0-0\"  class=\"panel-grid-cell\" ><div id=\"panel-w5a00ec9b94913-0-0-0\" class=\"so-panel widget widget_counters-box panel-first-child panel-last-child\" data-index=\"0\" ><div class=\"thim-widget-counters-box thim-widget-counters-box-base\"><div class=\"counter-box \" ><div class=\"content-box-percentage\">\n<span class=\"display-percentage\" data-percentage=\"22\">22<\/span><span class=\"counter-box-content\">playas<\/span><\/div><\/div><\/div><\/div><\/div><div id=\"pgc-w5a00ec9b94913-0-1\"  class=\"panel-grid-cell\" ><div id=\"panel-w5a00ec9b94913-0-1-0\" class=\"so-panel widget widget_counters-box panel-first-child panel-last-child\" data-index=\"1\" ><div class=\"thim-widget-counters-box thim-widget-counters-box-base\"><div class=\"counter-box \" ><div class=\"content-box-percentage\">\n<span class=\"display-percentage\" data-percentage=\"511\">511<\/span><span class=\"counter-box-content\">restaurants<\/span><\/div><\/div><\/div><\/div><\/div><div id=\"pgc-w5a00ec9b94913-0-2\"  class=\"panel-grid-cell\" ><div id=\"panel-w5a00ec9b94913-0-2-0\" class=\"so-panel widget widget_counters-box panel-first-child panel-last-child\" data-index=\"2\" ><div class=\"panel-widget-style panel-widget-style-for-w5a00ec9b94913-0-2-0\" ><div class=\"thim-widget-counters-box thim-widget-counters-box-base\"><div class=\"counter-box \" ><div class=\"content-box-percentage\">\n<span class=\"display-percentage\" data-percentage=\"167\">167<\/span><span class=\"counter-box-content\">km de R\u00edo<\/span><\/div><\/div><\/div><\/div><\/div><\/div><\/div><\/div><\/div><\/div><\/div><\/div><\/div><div id=\"pg-2884-2\"  class=\"panel-grid panel-no-style\" ><div id=\"pgc-2884-2-0\"  class=\"panel-grid-cell\" ><div id=\"panel-2884-2-0-0\" class=\"so-panel widget widget_icon-box panel-first-child\" data-index=\"2\" ><div class=\"panel-widget-style panel-widget-style-for-2884-2-0-0\" ><div class=\"thim-widget-icon-box thim-widget-icon-box-base\"><div class=\"wrapper-box-icon text-center   wrapper-line-heading\" ><div class=\"smicon-box iconbox-top\"><div class=\"content-inner\" ><div class=\"sc-heading article_heading\"><h3 class = \"heading__primary\" >\u00bfPor qu\u00e9 B\u00fazios?<\/h3><span class=\"line-heading\"><span><\/span><\/span><\/div><div class=\"desc-icon-box\"><div ><p>Para relajarse o salir a pasear,\n B\u00fazios ofrece actividades en el agua, tierra e incluso el aire. Un destino ideal para un viaje en familia, con amigos o de escapada rom\u00e1ntica.<\/p><\/div><\/div><\/div><\/div><!--end smicon-box--><\/div><\/div><\/div><\/div><div id=\"panel-2884-2-0-1\" class=\"so-panel widget widget_list-html panel-last-child\" data-index=\"3\" ><div class=\"thim-widget-list-html thim-widget-list-html-basic-40cd750bba98\"><div class=\"list-html-content row\"><div class=\"col-sm-6\"><div class=\"item-content\"><div class=\"title-list\"><h5>1. Paseos <\/h5><\/div><div class=\"desc-list\">B\u00fazios est\u00e1 rodeado de playas por casi todos lados. No por nada, uno de los paseos m\u00e1s buscados es en barco! A\u00fan en el mar se pueden practicar diversas actividades como snorkel o navegaci\u00f3n a vela, aprovechando los buenos vientos que soplan en la regi\u00f3n.<\/div><\/div><\/div><div class=\"col-sm-6\"><div class=\"item-content\"><div class=\"title-list\"><h5>2. Magia vibrante <\/h5><\/div><div class=\"desc-list\">Hace 50 a\u00f1os que la pen\u00ednsula ejerce magnetismo sobre los visitantes, desde aquel m\u00edtico verano de 1964, en que Brigitte Bardot se hosped\u00f3 en un entonces casi desierto balneario. La musa hoy da nombre a la Orla Bardot, continuaci\u00f3n de la movida Rua das Pedras; juntas, ambas calles re\u00fanen importantes negocios de moda, concurridos restaurantes y una agitada vida nocturna.<\/div><\/div><\/div><div class=\"col-sm-6\"><div class=\"item-content\"><div class=\"title-list\"><h5>3. Armon\u00eda y descanso <\/h5><\/div><div class=\"desc-list\">En las mesas, las conversaciones fluyen animadamente en ingl\u00e9s, franc\u00e9s y el inconfundible espa\u00f1ol con acento porte\u00f1o. Gente de todos lados del mundo se maravillan por las bellezas naturales de B\u00fazios, uno de los lugares m\u00e1s lindos del planeta.<\/div><\/div><\/div><div class=\"col-sm-6\"><div class=\"item-content\"><div class=\"title-list\"><h5>4. Cinco d\u00edas - Perfecto <\/h5><\/div><div class=\"desc-list\">Un total de cinco d\u00edas da tiempo para recorrer una buena variedad de playas. Algunas tienen f\u00e1cil acceso, como Ferradura o Jo\u00e3o Fernandes, siempre llena de turistas. Si prefiere un paseo de tipo aventurero (y desinhibido), recorra la trilla hasta Olho-de-Boi, donde se puede practicar el nudismo. Para conocer otras playas por tierra, haga un paseo en Trolley.<\/div><\/div><\/div><span class=\"line-center\"><\/span><\/div><\/div><\/div><\/div><\/div><div id=\"pg-2884-3\"  class=\"panel-grid panel-no-style\" ><div id=\"pgc-2884-3-0\"  class=\"panel-grid-cell\" ><div id=\"panel-2884-3-0-0\" class=\"so-panel widget widget_gallery-images panel-first-child panel-last-child\" data-index=\"4\" ><div class=\"panel-widget-style panel-widget-style-for-2884-3-0-0\" ><div class=\"thim-widget-gallery-images thim-widget-gallery-images-base\"><div class=\"thim-gallery-images gallery-img \"><div class=\"item\"><img src =\"https:\/\/areiasbrancaspousada.com.br\/wp-content\/uploads\/2016\/08\/buzios01.jpg\" width=\"1920\" height=\"1200\" alt=\"\"\/><\/div><div class=\"item\"><img src =\"https:\/\/areiasbrancaspousada.com.br\/wp-content\/uploads\/2016\/08\/buzios02.jpg\" width=\"1920\" height=\"1200\" alt=\"\"\/><\/div><div class=\"item\"><img src =\"https:\/\/areiasbrancaspousada.com.br\/wp-content\/uploads\/2016\/08\/buzios03-1.jpg\" width=\"1920\" height=\"1200\" alt=\"\"\/><\/div><div class=\"item\"><img src =\"https:\/\/areiasbrancaspousada.com.br\/wp-content\/uploads\/2016\/08\/buzios04.jpg\" width=\"1920\" height=\"1200\" alt=\"\"\/><\/div><div class=\"item\"><img src =\"https:\/\/areiasbrancaspousada.com.br\/wp-content\/uploads\/2016\/08\/buzios05.jpg\" width=\"1920\" height=\"1200\" alt=\"\"\/><\/div><div class=\"item\"><img src =\"https:\/\/areiasbrancaspousada.com.br\/wp-content\/uploads\/2016\/08\/buzios06.jpg\" width=\"1920\" height=\"1200\" alt=\"\"\/><\/div><div class=\"item\"><img src =\"https:\/\/areiasbrancaspousada.com.br\/wp-content\/uploads\/2016\/08\/buzios07.jpg\" width=\"1920\" height=\"1200\" alt=\"\"\/><\/div><div class=\"item\"><img src =\"https:\/\/areiasbrancaspousada.com.br\/wp-content\/uploads\/2016\/08\/buzios08.jpg\" width=\"1920\" height=\"1200\" alt=\"\"\/><\/div><div class=\"item\"><img src =\"https:\/\/areiasbrancaspousada.com.br\/wp-content\/uploads\/2016\/08\/buzios09.jpg\" width=\"1920\" height=\"1200\" alt=\"\"\/><\/div><\/div><\/div><\/div><\/div><\/div><\/div><\/div>","protected":false},"excerpt":{"rendered":"<p>El mejor destino de playa del mundoEn 2012 B\u00fazios fue elegida como el &#8220;Mejor destino de sol y playa del <\/p>\n","protected":false},"author":1,"featured_media":0,"parent":0,"menu_order":0,"comment_status":"closed","ping_status":"closed","template":"","meta":[],"aioseo_notices":[],"_links":{"self":[{"href":"https:\/\/areiasbrancaspousada.com.br\/es\/wp-json\/wp\/v2\/pages\/2884"}],"collection":[{"href":"https:\/\/areiasbrancaspousada.com.br\/es\/wp-json\/wp\/v2\/pages"}],"about":[{"href":"https:\/\/areiasbrancaspousada.com.br\/es\/wp-json\/wp\/v2\/types\/page"}],"author":[{"embeddable":true,"href":"https:\/\/areiasbrancaspousada.com.br\/es\/wp-json\/wp\/v2\/users\/1"}],"replies":[{"embeddable":true,"href":"https:\/\/areiasbrancaspousada.com.br\/es\/wp-json\/wp\/v2\/comments?post=2884"}],"version-history":[{"count":11,"href":"https:\/\/areiasbrancaspousada.com.br\/es\/wp-json\/wp\/v2\/pages\/2884\/revisions"}],"predecessor-version":[{"id":3192,"href":"https:\/\/areiasbrancaspousada.com.br\/es\/wp-json\/wp\/v2\/pages\/2884\/revisions\/3192"}],"wp:attachment":[{"href":"https:\/\/areiasbrancaspousada.com.br\/es\/wp-json\/wp\/v2\/media?parent=2884"}],"curies":[{"name":"wp","href":"https:\/\/api.w.org\/{rel}","templated":true}]}}