{"id":1904,"date":"2015-07-06T08:26:09","date_gmt":"2015-07-06T08:26:09","guid":{"rendered":"http:\/\/demo.thimpress.com\/resca\/?page_id=5"},"modified":"2024-08-07T09:11:15","modified_gmt":"2024-08-07T09:11:15","slug":"pousada","status":"publish","type":"page","link":"https:\/\/areiasbrancaspousada.com.br\/es\/pousada\/","title":{"rendered":"Pousada"},"content":{"rendered":"<div id=\"pl-1904\"  class=\"panel-layout\" ><div id=\"pg-1904-0\"  class=\"panel-grid panel-no-style\" ><div id=\"pgc-1904-0-0\"  class=\"panel-grid-cell\" ><div id=\"panel-1904-0-0-0\" class=\"so-panel widget widget_icon-box panel-first-child panel-last-child\" data-index=\"0\" ><div class=\"panel-widget-style panel-widget-style-for-1904-0-0-0\" ><div class=\"thim-widget-icon-box thim-widget-icon-box-base\"><div class=\"wrapper-box-icon text-center   wrapper-line-heading\" ><div class=\"smicon-box iconbox-top\"><div class=\"content-inner\" ><div class=\"sc-heading article_heading\"><h3 class = \"heading__primary\" >\u00a1Bienvenidos!<\/h3><span class=\"line-heading\"><span><\/span><\/span><\/div><div class=\"desc-icon-box\"><div ><p>Envuelta por 22 playas de incre\u00edble belleza, lejos del ruido y la contaminaci\u00f3n se encuentra nuestra poisada, situada en B\u00fazios, antiguo refugio de piratas, hoy para\u00edso de pescadores y turistas. Esa armon\u00eda de contrastes hacen de B\u00fazios un lugar ideal para su descanso.<\/p>\n<p><b><i>Nuestra misi\u00f3n es garantizar su bienestar y confort, haciendo de su estad\u00eda en B\u00fazios una experiencia inolvidable.<\/i><\/b><\/p><\/div><\/div><\/div><\/div><!--end smicon-box--><\/div><\/div><\/div><\/div><\/div><\/div><div id=\"pg-1904-1\"  class=\"panel-grid panel-no-style\" ><div id=\"pgc-1904-1-0\"  class=\"panel-grid-cell\" ><div id=\"panel-1904-1-0-0\" class=\"so-panel widget widget_icon-box panel-first-child panel-last-child\" data-index=\"1\" ><div class=\"thim-widget-icon-box thim-widget-icon-box-base\"><div class=\"wrapper-box-icon text-center   wrapper-line-heading\" ><div class=\"smicon-box iconbox-top\"><div class=\"content-inner\" ><div class=\"sc-heading article_heading\"><h3 class = \"heading__primary\" >Nuestros servicios<\/h3><span class=\"line-heading\"><span><\/span><\/span><\/div><\/div><\/div><!--end smicon-box--><\/div><\/div><\/div><\/div><\/div><div id=\"pg-1904-2\"  class=\"panel-grid panel-no-style\" ><div id=\"pgc-1904-2-0\"  class=\"panel-grid-cell\" ><div id=\"panel-1904-2-0-0\" class=\"so-panel widget widget_icon-box panel-first-child panel-last-child\" data-index=\"2\" ><div class=\"thim-widget-icon-box thim-widget-icon-box-base\"><div class=\"wrapper-box-icon has_custom_image text-left box_shadow_icon \" ><div class=\"smicon-box iconbox-top\"><div class=\"boxes-icon\" style=\"width: 350px;height: 350px;\"><span class=\"inner-icon\"><span class=\"icon icon-images\"><img src=\"https:\/\/areiasbrancaspousada.com.br\/wp-content\/uploads\/2015\/07\/cafe001.jpg\" alt=\"cafe001\" title=\"cafe001\" ><\/span><\/span><\/div><div class=\"content-inner\" ><div class=\"sc-heading article_heading\"><h2 class = \"heading__primary\" style=\"color: #d15030;\">Desayuno<\/h2><\/div><div class=\"desc-icon-box\"><div ><p>Disfrute de un delicioso desayuno con un sabroso caf\u00e9, jugos, frutas de estaci\u00f3n, panes y m\u00e1s. Horario de 7.30 a 10 AM<\/p><\/div><\/div><\/div><\/div><!--end smicon-box--><\/div><\/div><\/div><\/div><div id=\"pgc-1904-2-1\"  class=\"panel-grid-cell\" ><div id=\"panel-1904-2-1-0\" class=\"so-panel widget widget_icon-box panel-first-child panel-last-child\" data-index=\"3\" ><div class=\"thim-widget-icon-box thim-widget-icon-box-base\"><div class=\"wrapper-box-icon has_custom_image text-left box_shadow_icon \" ><div class=\"smicon-box iconbox-top\"><div class=\"boxes-icon\" style=\"width: 350px;height: 350px;\"><span class=\"inner-icon\"><span class=\"icon icon-images\"><img src=\"https:\/\/areiasbrancaspousada.com.br\/wp-content\/uploads\/2015\/07\/drinks001.jpg\" alt=\"drinks001\" title=\"drinks001\" ><\/span><\/span><\/div><div class=\"content-inner\" ><div class=\"sc-heading article_heading\"><h2 class = \"heading__primary\" style=\"color: #d15030;\">Bar &#38; Piscina<\/h2><\/div><div class=\"desc-icon-box\"><div ><p>Nuestro bar tiene un ambiente muy especial y est\u00e1 abierto todos los d\u00edas. Una oportunidad para conocer personas, saborear deliciosos platos de frutos de mar, sopas y tragos. <\/p><\/div><\/div><\/div><\/div><!--end smicon-box--><\/div><\/div><\/div><\/div><div id=\"pgc-1904-2-2\"  class=\"panel-grid-cell\" ><div id=\"panel-1904-2-2-0\" class=\"so-panel widget widget_icon-box panel-first-child panel-last-child\" data-index=\"4\" ><div class=\"thim-widget-icon-box thim-widget-icon-box-base\"><div class=\"wrapper-box-icon has_custom_image text-left box_shadow_icon \" ><div class=\"smicon-box iconbox-top\"><div class=\"boxes-icon\" style=\"width: 350px;height: 350px;\"><span class=\"inner-icon\"><span class=\"icon icon-images\"><img src=\"https:\/\/areiasbrancaspousada.com.br\/wp-content\/uploads\/2015\/07\/Wifi001.jpg\" alt=\"Wifi001\" title=\"Wifi001\" ><\/span><\/span><\/div><div class=\"content-inner\" ><div class=\"sc-heading article_heading\"><h2 class = \"heading__primary\" style=\"color: #d15030;\">WiFi<\/h2><\/div><div class=\"desc-icon-box\"><div ><p>Red WiFi con se\u00f1al en todas las habitaciones y espacios comunes de la posada. Capacidad de 20Mb por segundo. <\/p><\/div><\/div><\/div><\/div><!--end smicon-box--><\/div><\/div><\/div><\/div><div id=\"pgc-1904-2-3\"  class=\"panel-grid-cell\" ><div id=\"panel-1904-2-3-0\" class=\"so-panel widget widget_icon-box panel-first-child panel-last-child\" data-index=\"5\" ><div class=\"thim-widget-icon-box thim-widget-icon-box-base\"><div class=\"wrapper-box-icon has_custom_image text-left box_shadow_icon \" ><div class=\"smicon-box iconbox-top\"><div class=\"boxes-icon\" style=\"width: 350px;height: 350px;\"><span class=\"inner-icon\"><span class=\"icon icon-images\"><img src=\"https:\/\/areiasbrancaspousada.com.br\/wp-content\/uploads\/2015\/07\/barcos001.jpg\" alt=\"barcos001\" title=\"barcos001\" ><\/span><\/span><\/div><div class=\"content-inner\" ><div class=\"sc-heading article_heading\"><h2 class = \"heading__primary\" style=\"color: #d15030;\">Paseos en barco<\/h2><\/div><div class=\"desc-icon-box\"><div ><p>Agendamos sus paseos de barco con los mejores prestadores de servicios de la regi\u00f3n. Seguridad y comodida para que pueda disfrutar de su paseo sin preocupaci\u00f3n. <\/p><\/div><\/div><\/div><\/div><!--end smicon-box--><\/div><\/div><\/div><\/div><\/div><div id=\"pg-1904-3\"  class=\"panel-grid panel-has-style\" ><div class=\"thim-gallery-box siteorigin-panels-stretch panel-row-style panel-row-style-for-1904-3\" data-stretch-type=\"full\" ><div id=\"pgc-1904-3-0\"  class=\"panel-grid-cell\" ><div id=\"panel-1904-3-0-0\" class=\"so-panel widget widget_icon-box panel-first-child\" data-index=\"6\" ><div class=\"panel-widget-style panel-widget-style-for-1904-3-0-0\" ><div class=\"thim-widget-icon-box thim-widget-icon-box-base\"><div class=\"wrapper-box-icon text-center   wrapper-line-heading\" ><div class=\"smicon-box iconbox-top\"><div class=\"content-inner\" ><div class=\"sc-heading article_heading\"><h3 class = \"heading__primary\" >Galer\u00eda de fotos<\/h3><span class=\"line-heading\"><span><\/span><\/span><\/div><\/div><\/div><!--end smicon-box--><\/div><\/div><\/div><\/div><div id=\"panel-1904-3-0-1\" class=\"so-panel widget widget_gallery-images panel-last-child\" data-index=\"7\" ><div class=\"panel-widget-style panel-widget-style-for-1904-3-0-1\" ><div class=\"thim-widget-gallery-images thim-widget-gallery-images-base\"><div class=\"thim-gallery-images gallery-img \"><div class=\"item\"><img src =\"https:\/\/areiasbrancaspousada.com.br\/wp-content\/uploads\/2015\/07\/DSC_39351c.jpg\" width=\"1900\" height=\"1263\" alt=\"\"\/><\/div><div class=\"item\"><img src =\"https:\/\/areiasbrancaspousada.com.br\/wp-content\/uploads\/2015\/07\/DSC_39371c.jpg\" width=\"1900\" height=\"1263\" alt=\"\"\/><\/div><div class=\"item\"><img src =\"https:\/\/areiasbrancaspousada.com.br\/wp-content\/uploads\/2015\/07\/DSC_39761c.jpg\" width=\"1900\" height=\"1263\" alt=\"\"\/><\/div><div class=\"item\"><img src =\"https:\/\/areiasbrancaspousada.com.br\/wp-content\/uploads\/2015\/07\/DSC_39771c.jpg\" width=\"1900\" height=\"1263\" alt=\"\"\/><\/div><div class=\"item\"><img src =\"https:\/\/areiasbrancaspousada.com.br\/wp-content\/uploads\/2015\/07\/DSC_39421c.jpg\" width=\"1900\" height=\"1263\" alt=\"\"\/><\/div><div class=\"item\"><img src =\"https:\/\/areiasbrancaspousada.com.br\/wp-content\/uploads\/2015\/07\/DSC_39401c.jpg\" width=\"1900\" height=\"1263\" alt=\"\"\/><\/div><div class=\"item\"><img src =\"https:\/\/areiasbrancaspousada.com.br\/wp-content\/uploads\/2015\/07\/DSC_39431c.jpg\" width=\"1900\" height=\"1263\" alt=\"\"\/><\/div><div class=\"item\"><img src =\"https:\/\/areiasbrancaspousada.com.br\/wp-content\/uploads\/2024\/07\/stdtriple05.jpg\" width=\"850\" height=\"638\" alt=\"\"\/><\/div><div class=\"item\"><img src =\"https:\/\/areiasbrancaspousada.com.br\/wp-content\/uploads\/2024\/07\/stdtriple04.jpg\" width=\"849\" height=\"638\" alt=\"\"\/><\/div><div class=\"item\"><img src =\"https:\/\/areiasbrancaspousada.com.br\/wp-content\/uploads\/2024\/07\/stdtriple03.jpg\" width=\"849\" height=\"633\" alt=\"\"\/><\/div><div class=\"item\"><img src =\"https:\/\/areiasbrancaspousada.com.br\/wp-content\/uploads\/2024\/07\/stdtriple02.jpg\" width=\"849\" height=\"635\" alt=\"\"\/><\/div><div class=\"item\"><img src =\"https:\/\/areiasbrancaspousada.com.br\/wp-content\/uploads\/2016\/11\/supquad06.jpg\" width=\"849\" height=\"635\" alt=\"\"\/><\/div><div class=\"item\"><img src =\"https:\/\/areiasbrancaspousada.com.br\/wp-content\/uploads\/2016\/11\/supquad04.jpg\" width=\"848\" height=\"639\" alt=\"\"\/><\/div><div class=\"item\"><img src =\"https:\/\/areiasbrancaspousada.com.br\/wp-content\/uploads\/2016\/11\/supquad03.jpg\" width=\"849\" height=\"636\" alt=\"\"\/><\/div><div class=\"item\"><img src =\"https:\/\/areiasbrancaspousada.com.br\/wp-content\/uploads\/2016\/11\/supquad02.jpg\" width=\"848\" height=\"634\" alt=\"\"\/><\/div><div class=\"item\"><img src =\"https:\/\/areiasbrancaspousada.com.br\/wp-content\/uploads\/2016\/11\/supquad01.jpg\" width=\"849\" height=\"635\" alt=\"\"\/><\/div><div class=\"item\"><img src =\"https:\/\/areiasbrancaspousada.com.br\/wp-content\/uploads\/2016\/11\/supduplo08.jpg\" width=\"848\" height=\"637\" alt=\"\"\/><\/div><div class=\"item\"><img src =\"https:\/\/areiasbrancaspousada.com.br\/wp-content\/uploads\/2016\/11\/supduplo07.jpg\" width=\"846\" height=\"633\" alt=\"\"\/><\/div><div class=\"item\"><img src =\"https:\/\/areiasbrancaspousada.com.br\/wp-content\/uploads\/2024\/07\/stdduplo03.jpg\" width=\"843\" height=\"639\" alt=\"\"\/><\/div><div class=\"item\"><img src =\"https:\/\/areiasbrancaspousada.com.br\/wp-content\/uploads\/2024\/07\/stdduplo02.jpg\" width=\"847\" height=\"638\" alt=\"\"\/><\/div><div class=\"item\"><img src =\"https:\/\/areiasbrancaspousada.com.br\/wp-content\/uploads\/2024\/08\/cafe1-1.jpg\" width=\"560\" height=\"407\" alt=\"\"\/><\/div><div class=\"item\"><img src =\"https:\/\/areiasbrancaspousada.com.br\/wp-content\/uploads\/2024\/08\/areias6.jpg\" width=\"876\" height=\"658\" alt=\"\"\/><\/div><div class=\"item\"><img src =\"https:\/\/areiasbrancaspousada.com.br\/wp-content\/uploads\/2024\/08\/areias4.jpg\" width=\"877\" height=\"657\" alt=\"\"\/><\/div><\/div><\/div><\/div><\/div><\/div><\/div><\/div><\/div>","protected":false},"excerpt":{"rendered":"<p>\u00a1Bienvenidos!Envuelta por 22 playas de incre\u00edble belleza, lejos del ruido y la contaminaci\u00f3n se encuentra nuestra poisada, situada en B\u00fazios, <\/p>\n","protected":false},"author":1,"featured_media":0,"parent":0,"menu_order":0,"comment_status":"closed","ping_status":"closed","template":"","meta":[],"aioseo_notices":[],"_links":{"self":[{"href":"https:\/\/areiasbrancaspousada.com.br\/es\/wp-json\/wp\/v2\/pages\/1904"}],"collection":[{"href":"https:\/\/areiasbrancaspousada.com.br\/es\/wp-json\/wp\/v2\/pages"}],"about":[{"href":"https:\/\/areiasbrancaspousada.com.br\/es\/wp-json\/wp\/v2\/types\/page"}],"author":[{"embeddable":true,"href":"https:\/\/areiasbrancaspousada.com.br\/es\/wp-json\/wp\/v2\/users\/1"}],"replies":[{"embeddable":true,"href":"https:\/\/areiasbrancaspousada.com.br\/es\/wp-json\/wp\/v2\/comments?post=1904"}],"version-history":[{"count":11,"href":"https:\/\/areiasbrancaspousada.com.br\/es\/wp-json\/wp\/v2\/pages\/1904\/revisions"}],"predecessor-version":[{"id":3419,"href":"https:\/\/areiasbrancaspousada.com.br\/es\/wp-json\/wp\/v2\/pages\/1904\/revisions\/3419"}],"wp:attachment":[{"href":"https:\/\/areiasbrancaspousada.com.br\/es\/wp-json\/wp\/v2\/media?parent=1904"}],"curies":[{"name":"wp","href":"https:\/\/api.w.org\/{rel}","templated":true}]}}