{"id":14,"date":"2015-07-06T08:33:48","date_gmt":"2015-07-06T08:33:48","guid":{"rendered":"http:\/\/demo.thimpress.com\/resca\/?page_id=14"},"modified":"2023-01-12T16:25:03","modified_gmt":"2023-01-12T16:25:03","slug":"contato","status":"publish","type":"page","link":"https:\/\/areiasbrancaspousada.com.br\/es\/contato\/","title":{"rendered":"Contacto"},"content":{"rendered":"<div id=\"pl-14\"  class=\"panel-layout\" ><div id=\"pg-14-0\"  class=\"panel-grid panel-no-style\" ><div id=\"pgc-14-0-0\"  class=\"panel-grid-cell\" ><div id=\"panel-14-0-0-0\" class=\"so-panel widget widget_icon-box panel-first-child\" data-index=\"0\" ><div class=\"panel-widget-style panel-widget-style-for-14-0-0-0\" ><div class=\"thim-widget-icon-box thim-widget-icon-box-base\"><div class=\"wrapper-box-icon text-center   wrapper-line-heading\" ><div class=\"smicon-box iconbox-top\"><div class=\"content-inner\" ><div class=\"sc-heading article_heading\"><h2 class = \"heading__primary\" >Contactenos!<\/h2><span class=\"line-heading\"><span><\/span><\/span><\/div><div class=\"desc-icon-box\"><div >Entre en contacto con nosotros.<\/div><\/div><\/div><\/div><!--end smicon-box--><\/div><\/div><\/div><\/div><div id=\"panel-14-0-0-1\" class=\"so-panel widget widget_icon-box\" data-index=\"1\" ><div class=\"panel-widget-style panel-widget-style-for-14-0-0-1\" ><div class=\"thim-widget-icon-box thim-widget-icon-box-base\"><div class=\"wrapper-box-icon text-center  \" ><div class=\"smicon-box iconbox-top\"><div class=\"boxes-icon\" style=\"width: 50px;height: 50px;\"><span class=\"inner-icon\"><span class=\"icon\"><i class=\"fa fa-map-marker\" style=\"color:#d51000; font-size:20px; line-height:20px; vertical-align: middle;\"><\/i><\/span><\/span><\/div><div class=\"content-inner\" ><div class=\"desc-icon-box\"><div >Estrada Velha da Usina, 175, Arma\u00e7\u00e3o,  <br \/>\nArma\u00e7\u00e3o dos B\u00fazios - Rio de Janeiro - Brasil<\/div><\/div><\/div><\/div><!--end smicon-box--><\/div><\/div><\/div><\/div><div id=\"panel-14-0-0-2\" class=\"so-panel widget widget_icon-box\" data-index=\"2\" ><div class=\"panel-widget-style panel-widget-style-for-14-0-0-2\" ><div class=\"thim-widget-icon-box thim-widget-icon-box-base\"><div class=\"wrapper-box-icon text-center  \" ><div class=\"smicon-box iconbox-top\"><div class=\"boxes-icon\" style=\"width: 50px;height: 50px;\"><span class=\"inner-icon\"><span class=\"icon\"><i class=\"fa fa-phone\" style=\"color:#d51000; font-size:20px; line-height:20px; vertical-align: middle;\"><\/i><\/span><\/span><\/div><div class=\"content-inner\" ><div class=\"desc-icon-box\"><div >T: <b>+55 (22) 2623 5906<\/b><br \/>\nWhatsapp: <a href=\"https:\/\/wa.me\/5521995563824?text=\">+55 (21) 99556 3824<\/a><br \/>\nE: <b>reservas@areiasbrancaspousada.com.br<\/b><\/div><\/div><\/div><\/div><!--end smicon-box--><\/div><\/div><\/div><\/div><div id=\"panel-14-0-0-3\" class=\"so-panel widget widget_social panel-last-child\" data-index=\"3\" ><div class=\"text-center panel-widget-style panel-widget-style-for-14-0-0-3\" ><div class=\"thim-widget-social thim-widget-social-base\"><div class=\"thim-social\">\n\t\t<ul class=\"social_link\">\n\t\t<li><a class=\"face hasTooltip\" href=\"https:\/\/www.facebook.com\/AreiasBrancasBuzios\/\" target=\"_self\"><i class=\"fa fa-facebook\"><\/i><\/a><\/li><li><a class=\"twitter hasTooltip\" href=\"https:\/\/twitter.com\/AreiasBrancasBZ\" target=\"_self\" ><i class=\"fa fa-twitter\"><\/i><\/a><\/li><li><a class=\"google hasTooltip\" href=\"#\" target=\"_self\" ><i class=\"fa fa-google-plus\"><\/i><\/a><\/li><li><a class=\"youtube hasTooltip\" href=\"#\" target=\"_self\" ><i class=\"fa fa-youtube\"><\/i><\/a><\/li>\t<\/ul>\n<\/div><\/div><\/div><\/div><\/div><div id=\"pgc-14-0-1\"  class=\"panel-grid-cell\" ><div id=\"panel-14-0-1-0\" class=\"so-panel widget widget_icon-box panel-first-child\" data-index=\"4\" ><div class=\"thim-widget-icon-box thim-widget-icon-box-base\"><div class=\"wrapper-box-icon text-center   wrapper-line-heading\" ><div class=\"smicon-box iconbox-top\"><div class=\"content-inner\" ><div class=\"sc-heading article_heading\"><h2 class = \"heading__primary\" >Mensajes y reservas<\/h2><span class=\"line-heading\"><span><\/span><\/span><\/div><div class=\"desc-icon-box\"><div >Env\u00edenos su consulta \u00f3 pedido de reserva y le contestaremos lo m\u00e1s pronto posible.<\/div><\/div><\/div><\/div><!--end smicon-box--><\/div><\/div><\/div><div id=\"panel-14-0-1-1\" class=\"so-panel widget widget_text\" data-index=\"5\" ><div class=\"panel-widget-style panel-widget-style-for-14-0-1-1\" >\t\t\t<div class=\"textwidget\"><div role=\"form\" class=\"wpcf7\" id=\"wpcf7-f1915-o1\" lang=\"en-US\" dir=\"ltr\">\n<div class=\"screen-reader-response\"><p role=\"status\" aria-live=\"polite\" aria-atomic=\"true\"><\/p> <ul><\/ul><\/div>\n<form action=\"\/es\/wp-json\/wp\/v2\/pages\/14#wpcf7-f1915-o1\" method=\"post\" class=\"wpcf7-form init\" novalidate=\"novalidate\" data-status=\"init\">\n<div style=\"display: none;\">\n<input type=\"hidden\" name=\"_wpcf7\" value=\"1915\" \/>\n<input type=\"hidden\" name=\"_wpcf7_version\" value=\"5.4.2\" \/>\n<input type=\"hidden\" name=\"_wpcf7_locale\" value=\"en_US\" \/>\n<input type=\"hidden\" name=\"_wpcf7_unit_tag\" value=\"wpcf7-f1915-o1\" \/>\n<input type=\"hidden\" name=\"_wpcf7_container_post\" value=\"0\" \/>\n<input type=\"hidden\" name=\"_wpcf7_posted_data_hash\" value=\"\" \/>\n<\/div>\n<div class=\"row\">\n<div class=\"col-sm-6\"><span class=\"wpcf7-form-control-wrap your-name\"><input type=\"text\" name=\"your-name\" value=\"\" size=\"40\" class=\"wpcf7-form-control wpcf7-text\" aria-invalid=\"false\" placeholder=\"Nome\" \/><\/span><\/div>\n<div class=\"col-sm-6\"><span class=\"wpcf7-form-control-wrap your-email\"><input type=\"email\" name=\"your-email\" value=\"\" size=\"40\" class=\"wpcf7-form-control wpcf7-text wpcf7-email wpcf7-validates-as-required wpcf7-validates-as-email\" aria-required=\"true\" aria-invalid=\"false\" placeholder=\"Email\" \/><\/span><\/div>\n<div class=\"row\">\n<div class=\"col-sm-6\">Chegada <span class=\"wpcf7-form-control-wrap date-412\"><input type=\"date\" name=\"date-412\" value=\"\" class=\"wpcf7-form-control wpcf7-date wpcf7-validates-as-date\" aria-invalid=\"false\" placeholder=\"Chegada\" \/><\/span><\/div>\n<div class=\"col-sm-6\">Saida <span class=\"wpcf7-form-control-wrap date-412\"><input type=\"date\" name=\"date-412\" value=\"\" class=\"wpcf7-form-control wpcf7-date wpcf7-validates-as-date\" aria-invalid=\"false\" placeholder=\"Saida\" \/><\/span><\/div>\n<div class=\"row\">\n<div class=\"col-sm-6\">Adultos <span class=\"wpcf7-form-control-wrap adultos\"><select name=\"adultos\" class=\"wpcf7-form-control wpcf7-select\" aria-invalid=\"false\"><option value=\"\">---<\/option><option value=\"1\">1<\/option><option value=\"2\">2<\/option><option value=\"3\">3<\/option><option value=\"4\">4<\/option><option value=\"5\">5<\/option><option value=\"6\">6<\/option><option value=\"7\">7<\/option><option value=\"8\">8<\/option><\/select><\/span><\/div>\n<div class=\"col-sm-6\">Crian\u00e7as <span class=\"wpcf7-form-control-wrap criancas\"><select name=\"criancas\" class=\"wpcf7-form-control wpcf7-select\" aria-invalid=\"false\"><option value=\"\">---<\/option><option value=\"1\">1<\/option><option value=\"2\">2<\/option><option value=\"3\">3<\/option><option value=\"4\">4<\/option><option value=\"5\">5<\/option><option value=\"6\">6<\/option><option value=\"7\">7<\/option><option value=\"8\">8<\/option><\/select><\/span><\/div>\n<\/div>\n<div class=\"row\">\n<div class=\"col-sm-12\"><span class=\"wpcf7-form-control-wrap your-message\"><textarea name=\"your-message\" cols=\"40\" rows=\"10\" class=\"wpcf7-form-control wpcf7-textarea\" aria-invalid=\"false\" placeholder=\"Sua messagem\"><\/textarea><\/span><\/div>\n<\/div>\n<div class=\"row\">\n<div class=\"col-sm-6\">[recaptcha size:compact]<\/div>\n<div class=\"col-sm-6\"><input type=\"submit\" value=\"Enviar\" class=\"wpcf7-form-control wpcf7-submit\" \/><\/div>\n<\/div>\n<div class=\"wpcf7-response-output\" aria-hidden=\"true\"><\/div><\/form><\/div><\/div>\n\t\t<\/div><\/div><div id=\"panel-14-0-1-2\" class=\"so-panel widget widget_empty-space\" data-index=\"6\" ><div class=\"thim-widget-empty-space thim-widget-empty-space-base\"><div class=\"empty_space\" style=\"height:1px\"><\/div><\/div><\/div><div id=\"panel-14-0-1-3\" class=\"so-panel widget widget_empty-space panel-last-child\" data-index=\"7\" ><div class=\"thim-widget-empty-space thim-widget-empty-space-base\"><div class=\"empty_space\" style=\"height:1px\"><\/div><\/div><\/div><\/div><\/div><div id=\"pg-14-1\"  class=\"panel-grid panel-no-style\" ><div id=\"pgc-14-1-0\"  class=\"panel-grid-cell\" ><div id=\"panel-14-1-0-0\" class=\"so-panel widget widget_empty-space panel-first-child panel-last-child\" data-index=\"8\" ><div class=\"thim-widget-empty-space thim-widget-empty-space-base\"><div class=\"empty_space\" style=\"height:20px\"><\/div><\/div><\/div><\/div><\/div><div id=\"pg-14-2\"  class=\"panel-grid panel-no-style\" ><div id=\"pgc-14-2-0\"  class=\"panel-grid-cell\" ><div id=\"panel-14-2-0-0\" class=\"so-panel widget widget_black-studio-tinymce widget_black_studio_tinymce panel-first-child panel-last-child\" data-index=\"9\" ><div class=\"panel-widget-style panel-widget-style-for-14-2-0-0\" ><div class=\"textwidget\"><p><iframe src=\"https:\/\/www.google.com\/maps\/embed?pb=!1m18!1m12!1m3!1d1839.7074621713414!2d-41.88174734184648!3d-22.74997799627295!2m3!1f0!2f0!3f0!3m2!1i1024!2i768!4f13.1!3m3!1m2!1s0x0%3A0x0!2zMjLCsDQ0JzU5LjkiUyA0McKwNTInNTAuNCJX!5e0!3m2!1ses-419!2suy!4v1481067314879\" width=\"1200\" height=\"480\" frameborder=\"0\" style=\"border:0\" allowfullscreen><\/iframe><\/p>\n<\/div><\/div><\/div><\/div><\/div><\/div>","protected":false},"excerpt":{"rendered":"<p>Contactenos!Entre en contacto con nosotros.Estrada Velha da Usina, 175, Arma\u00e7\u00e3o,  <br \/>\nArma\u00e7\u00e3o dos B\u00fazios &#8211; Rio de Janeiro &#8211; <\/p>\n","protected":false},"author":1,"featured_media":0,"parent":0,"menu_order":0,"comment_status":"closed","ping_status":"open","template":"","meta":[],"aioseo_notices":[],"_links":{"self":[{"href":"https:\/\/areiasbrancaspousada.com.br\/es\/wp-json\/wp\/v2\/pages\/14"}],"collection":[{"href":"https:\/\/areiasbrancaspousada.com.br\/es\/wp-json\/wp\/v2\/pages"}],"about":[{"href":"https:\/\/areiasbrancaspousada.com.br\/es\/wp-json\/wp\/v2\/types\/page"}],"author":[{"embeddable":true,"href":"https:\/\/areiasbrancaspousada.com.br\/es\/wp-json\/wp\/v2\/users\/1"}],"replies":[{"embeddable":true,"href":"https:\/\/areiasbrancaspousada.com.br\/es\/wp-json\/wp\/v2\/comments?post=14"}],"version-history":[{"count":17,"href":"https:\/\/areiasbrancaspousada.com.br\/es\/wp-json\/wp\/v2\/pages\/14\/revisions"}],"predecessor-version":[{"id":3326,"href":"https:\/\/areiasbrancaspousada.com.br\/es\/wp-json\/wp\/v2\/pages\/14\/revisions\/3326"}],"wp:attachment":[{"href":"https:\/\/areiasbrancaspousada.com.br\/es\/wp-json\/wp\/v2\/media?parent=14"}],"curies":[{"name":"wp","href":"https:\/\/api.w.org\/{rel}","templated":true}]}}